{"id":8506,"date":"2018-03-01T14:48:35","date_gmt":"2018-03-01T14:48:35","guid":{"rendered":"https:\/\/www.bellota.cat\/producto\/arri\/"},"modified":"2026-05-04T10:04:54","modified_gmt":"2026-05-04T10:04:54","slug":"arri","status":"publish","type":"product","link":"https:\/\/www.bellota.cat\/es\/producto\/arri\/","title":{"rendered":"Arri! &#8211; Para arrear la piernas cansadas"},"content":{"rendered":"\t\t<div data-elementor-type=\"wp-post\" data-elementor-id=\"8506\" class=\"elementor elementor-8506 elementor-7178\">\n\t\t\t\t\t\t<section class=\"elementor-section elementor-top-section elementor-element elementor-element-0f0413a elementor-section-full_width elementor-section-height-default elementor-section-height-default qodef-parallax-row-no qodef-content-aligment-left qodef-row-grid-no qodef-disabled-bg-image-bellow-no\" data-id=\"0f0413a\" data-element_type=\"section\" data-e-type=\"section\">\n\t\t\t\t\t\t<div class=\"elementor-container elementor-column-gap-default\">\n\t\t\t\t\t<div class=\"elementor-column elementor-col-100 elementor-top-column elementor-element elementor-element-b4c9557\" data-id=\"b4c9557\" data-element_type=\"column\" data-e-type=\"column\">\n\t\t\t<div class=\"elementor-widget-wrap elementor-element-populated\">\n\t\t\t\t\t\t<div class=\"elementor-element elementor-element-56dc6fd elementor-widget elementor-widget-text-editor\" data-id=\"56dc6fd\" data-element_type=\"widget\" data-e-type=\"widget\" data-widget_type=\"text-editor.default\">\n\t\t\t\t<div class=\"elementor-widget-container\">\n\t\t\t\t\t\t\t\t\t<p class=\"p1\"><strong><i>Ingredients: Butyrospermum Parkii Butter, Prunus Amygdalus Dulcis Oil, Aesculus Hippocastanum Fruit, Cera Alba, Ruscus Aculeatus Root, Cupressus Sempervirens Fruit, Vitis Vinifera, Hamamelis Virginiana Leaf, Melilotus Officinalis, Cinnamomum Camphora Bark Oil, Tocopherol, Helianthus Annuus Seed Oil, Limonene, Geraniol, Linalool.<\/i><\/strong><\/p>\n<p class=\"p1\">Aplicar sobre la zona deseada previamente limpia y seca y masajear su absorci\u00f3n. No aplicar en heridas abiertas. Lavar bien las manos despu\u00e9s de utilizar. Evitar el contacto con los ojos y las mucosas. Mantener fuera del alcance de los ni\u00f1os.<\/p><\/p>\n\t\t\t\t\t\t\t\t<\/div>\n\t\t\t\t<\/div>\n\t\t\t\t\t<\/div>\n\t\t<\/div>\n\t\t\t\t\t<\/div>\n\t\t<\/section>\n\t\t\t\t<\/div>\n\t\t","protected":false},"excerpt":{"rendered":"<h1><strong>Arri! es un ung\u00fcento para las piernas cansadas. <\/strong><\/h1>\n<h2><strong>Lo elaboramos con plantas de verdad:\u00a0Vi\u00f1a roja, Hamamelis, Cipr\u00e9s y Alcanfor.<\/strong> Todas ellas han demostrado que son buenas para la tan buscada sensaci\u00f3n de alivio y bienestar para las piernas fatigadas.< \/h2><\/p>\n<hr \/>\n<h3><strong>\u00bfCu\u00e1ndo y c\u00f3mo utilizar Arri?<\/strong><\/h3>\n<p>Cuando las piernas hormiguean, pesan, se hinchan o duelen, empeorando a medida que avanza el d\u00eda o suben las temperaturas&#8230;<\/p>\n<p>Un masaje con Arri! ayudar\u00e1 al circuito venoso para mejorar su rendimiento.<\/p>\n<ul>\n<li>Su composici\u00f3n es potente, y solo se recomienda aplicarlo un m\u00e1ximo de dos veces al d\u00eda.<\/li>\n<li>Recomendamos que una de las dos aplicaciones sea antes de acostarse.<\/li>\n<li>Siempre aplicar masajeando en sentido ascendente, como la circulaci\u00f3n sangu\u00ednea, en direcci\u00f3n hacia el coraz\u00f3n.<\/li>\n<li>Si en tiempo de calor lo pone en la nevera, tendr\u00e1 un agradable efecto refrescante.<br \/>\n<hr \/>\n<p><img decoding=\"async\" class=\"wp-image-15735 size-medium alignleft\" title=\"env\u00edo gratuito\" src=\"https:\/\/www.bellota.cat\/wp-content\/uploads\/2018\/03\/env\u00edo_gratuito_bellota-300x56.png\" alt=\"env\u00edo gratuito a partir de 49,90\u20ac\" width=\"300\" height=\"56\" \/><\/li>\n<\/ul>\n","protected":false},"featured_media":8885,"comment_status":"open","ping_status":"closed","template":"","meta":{"rs_blank_template":"","rs_page_bg_color":"","slide_template_v7":""},"product_brand":[],"product_cat":[110],"product_tag":[],"class_list":{"0":"post-8506","1":"product","2":"type-product","3":"status-publish","4":"has-post-thumbnail","6":"product_cat-unguentos","7":"pa_mides-unguent-100ml","8":"pa_mides-unguent-50ml-es","10":"first","11":"instock","12":"taxable","13":"shipping-taxable","14":"purchasable","15":"product-type-variable"},"yoast_head":"<!-- This site is optimized with the Yoast SEO plugin v27.5 - https:\/\/yoast.com\/product\/yoast-seo-wordpress\/ -->\n<title>Arri! ung\u00fcento para piernas cansadas - Bellota ung\u00fcents naturals<\/title>\n<meta name=\"description\" content=\"Arri! Ung\u00fcento para las piernas cansadas. Contiene plantas que ayudan a proporcionar sensaci\u00f3n de alivio y bienestar en las piernas.\" \/>\n<meta name=\"robots\" content=\"index, follow, max-snippet:-1, max-image-preview:large, max-video-preview:-1\" \/>\n<link rel=\"canonical\" href=\"https:\/\/www.bellota.cat\/es\/producto\/arri\/\" \/>\n<meta property=\"og:locale\" content=\"es_ES\" \/>\n<meta property=\"og:type\" content=\"article\" \/>\n<meta property=\"og:title\" content=\"Arri! ung\u00fcento para piernas cansadas - Bellota ung\u00fcents naturals\" \/>\n<meta property=\"og:description\" content=\"Arri! Ung\u00fcento para las piernas cansadas. Contiene plantas que ayudan a proporcionar sensaci\u00f3n de alivio y bienestar en las piernas.\" \/>\n<meta property=\"og:url\" content=\"https:\/\/www.bellota.cat\/es\/producto\/arri\/\" \/>\n<meta property=\"og:site_name\" content=\"Bellota ung\u00fcents naturals\" \/>\n<meta property=\"article:publisher\" content=\"https:\/\/www.facebook.com\/Bellota.sanota\/\" \/>\n<meta property=\"article:modified_time\" content=\"2026-05-04T10:04:54+00:00\" \/>\n<meta property=\"og:image\" content=\"https:\/\/www.bellota.cat\/wp-content\/uploads\/2018\/03\/ARRI_unguent_bellota.png\" \/>\n\t<meta property=\"og:image:width\" content=\"800\" \/>\n\t<meta property=\"og:image:height\" content=\"800\" \/>\n\t<meta property=\"og:image:type\" content=\"image\/png\" \/>\n<meta name=\"twitter:card\" content=\"summary_large_image\" \/>\n<script type=\"application\/ld+json\" class=\"yoast-schema-graph\">{\"@context\":\"https:\\\/\\\/schema.org\",\"@graph\":[{\"@type\":\"WebPage\",\"@id\":\"https:\\\/\\\/www.bellota.cat\\\/es\\\/producto\\\/arri\\\/\",\"url\":\"https:\\\/\\\/www.bellota.cat\\\/es\\\/producto\\\/arri\\\/\",\"name\":\"Arri! ung\u00fcento para piernas cansadas - Bellota ung\u00fcents naturals\",\"isPartOf\":{\"@id\":\"https:\\\/\\\/www.bellota.cat\\\/#website\"},\"primaryImageOfPage\":{\"@id\":\"https:\\\/\\\/www.bellota.cat\\\/es\\\/producto\\\/arri\\\/#primaryimage\"},\"image\":{\"@id\":\"https:\\\/\\\/www.bellota.cat\\\/es\\\/producto\\\/arri\\\/#primaryimage\"},\"thumbnailUrl\":\"https:\\\/\\\/www.bellota.cat\\\/wp-content\\\/uploads\\\/2018\\\/03\\\/ARRI_unguent_bellota.png\",\"datePublished\":\"2018-03-01T14:48:35+00:00\",\"dateModified\":\"2026-05-04T10:04:54+00:00\",\"description\":\"Arri! Ung\u00fcento para las piernas cansadas. Contiene plantas que ayudan a proporcionar sensaci\u00f3n de alivio y bienestar en las piernas.\",\"breadcrumb\":{\"@id\":\"https:\\\/\\\/www.bellota.cat\\\/es\\\/producto\\\/arri\\\/#breadcrumb\"},\"inLanguage\":\"es\",\"potentialAction\":[{\"@type\":\"ReadAction\",\"target\":[\"https:\\\/\\\/www.bellota.cat\\\/es\\\/producto\\\/arri\\\/\"]}]},{\"@type\":\"ImageObject\",\"inLanguage\":\"es\",\"@id\":\"https:\\\/\\\/www.bellota.cat\\\/es\\\/producto\\\/arri\\\/#primaryimage\",\"url\":\"https:\\\/\\\/www.bellota.cat\\\/wp-content\\\/uploads\\\/2018\\\/03\\\/ARRI_unguent_bellota.png\",\"contentUrl\":\"https:\\\/\\\/www.bellota.cat\\\/wp-content\\\/uploads\\\/2018\\\/03\\\/ARRI_unguent_bellota.png\",\"width\":800,\"height\":800},{\"@type\":\"BreadcrumbList\",\"@id\":\"https:\\\/\\\/www.bellota.cat\\\/es\\\/producto\\\/arri\\\/#breadcrumb\",\"itemListElement\":[{\"@type\":\"ListItem\",\"position\":1,\"name\":\"Inici\",\"item\":\"https:\\\/\\\/www.bellota.cat\\\/es\\\/\"},{\"@type\":\"ListItem\",\"position\":2,\"name\":\"Tienda\",\"item\":\"https:\\\/\\\/www.bellota.cat\\\/tienda\\\/\"},{\"@type\":\"ListItem\",\"position\":3,\"name\":\"Arri! &#8211; Para arrear la piernas cansadas\"}]},{\"@type\":\"WebSite\",\"@id\":\"https:\\\/\\\/www.bellota.cat\\\/#website\",\"url\":\"https:\\\/\\\/www.bellota.cat\\\/\",\"name\":\"Bellota ung\u00fcents naturals\",\"description\":\"Bellota, ung\u00fcents naturals de veritat.\",\"publisher\":{\"@id\":\"https:\\\/\\\/www.bellota.cat\\\/#organization\"},\"alternateName\":\"Bellota Ung\u00fcents\",\"potentialAction\":[{\"@type\":\"SearchAction\",\"target\":{\"@type\":\"EntryPoint\",\"urlTemplate\":\"https:\\\/\\\/www.bellota.cat\\\/?s={search_term_string}\"},\"query-input\":{\"@type\":\"PropertyValueSpecification\",\"valueRequired\":true,\"valueName\":\"search_term_string\"}}],\"inLanguage\":\"es\"},{\"@type\":\"Organization\",\"@id\":\"https:\\\/\\\/www.bellota.cat\\\/#organization\",\"name\":\"Bellota\",\"alternateName\":\"Bellota Ung\u00fcents Naturals\",\"url\":\"https:\\\/\\\/www.bellota.cat\\\/\",\"logo\":{\"@type\":\"ImageObject\",\"inLanguage\":\"es\",\"@id\":\"https:\\\/\\\/www.bellota.cat\\\/#\\\/schema\\\/logo\\\/image\\\/\",\"url\":\"https:\\\/\\\/www.bellota.cat\\\/wp-content\\\/uploads\\\/2022\\\/08\\\/logobellota_212x42hzzz.png\",\"contentUrl\":\"https:\\\/\\\/www.bellota.cat\\\/wp-content\\\/uploads\\\/2022\\\/08\\\/logobellota_212x42hzzz.png\",\"width\":424,\"height\":84,\"caption\":\"Bellota\"},\"image\":{\"@id\":\"https:\\\/\\\/www.bellota.cat\\\/#\\\/schema\\\/logo\\\/image\\\/\"},\"sameAs\":[\"https:\\\/\\\/www.facebook.com\\\/Bellota.sanota\\\/\",\"https:\\\/\\\/www.instagram.com\\\/bellota_sanota\\\/\",\"https:\\\/\\\/www.linkedin.com\\\/company\\\/bellota-natural\\\/\"]}]}<\/script>\n<!-- \/ Yoast SEO plugin. -->","yoast_head_json":{"title":"Arri! ung\u00fcento para piernas cansadas - Bellota ung\u00fcents naturals","description":"Arri! Ung\u00fcento para las piernas cansadas. Contiene plantas que ayudan a proporcionar sensaci\u00f3n de alivio y bienestar en las piernas.","robots":{"index":"index","follow":"follow","max-snippet":"max-snippet:-1","max-image-preview":"max-image-preview:large","max-video-preview":"max-video-preview:-1"},"canonical":"https:\/\/www.bellota.cat\/es\/producto\/arri\/","og_locale":"es_ES","og_type":"article","og_title":"Arri! ung\u00fcento para piernas cansadas - Bellota ung\u00fcents naturals","og_description":"Arri! Ung\u00fcento para las piernas cansadas. Contiene plantas que ayudan a proporcionar sensaci\u00f3n de alivio y bienestar en las piernas.","og_url":"https:\/\/www.bellota.cat\/es\/producto\/arri\/","og_site_name":"Bellota ung\u00fcents naturals","article_publisher":"https:\/\/www.facebook.com\/Bellota.sanota\/","article_modified_time":"2026-05-04T10:04:54+00:00","og_image":[{"width":800,"height":800,"url":"https:\/\/www.bellota.cat\/wp-content\/uploads\/2018\/03\/ARRI_unguent_bellota.png","type":"image\/png"}],"twitter_card":"summary_large_image","schema":{"@context":"https:\/\/schema.org","@graph":[{"@type":"WebPage","@id":"https:\/\/www.bellota.cat\/es\/producto\/arri\/","url":"https:\/\/www.bellota.cat\/es\/producto\/arri\/","name":"Arri! ung\u00fcento para piernas cansadas - Bellota ung\u00fcents naturals","isPartOf":{"@id":"https:\/\/www.bellota.cat\/#website"},"primaryImageOfPage":{"@id":"https:\/\/www.bellota.cat\/es\/producto\/arri\/#primaryimage"},"image":{"@id":"https:\/\/www.bellota.cat\/es\/producto\/arri\/#primaryimage"},"thumbnailUrl":"https:\/\/www.bellota.cat\/wp-content\/uploads\/2018\/03\/ARRI_unguent_bellota.png","datePublished":"2018-03-01T14:48:35+00:00","dateModified":"2026-05-04T10:04:54+00:00","description":"Arri! Ung\u00fcento para las piernas cansadas. Contiene plantas que ayudan a proporcionar sensaci\u00f3n de alivio y bienestar en las piernas.","breadcrumb":{"@id":"https:\/\/www.bellota.cat\/es\/producto\/arri\/#breadcrumb"},"inLanguage":"es","potentialAction":[{"@type":"ReadAction","target":["https:\/\/www.bellota.cat\/es\/producto\/arri\/"]}]},{"@type":"ImageObject","inLanguage":"es","@id":"https:\/\/www.bellota.cat\/es\/producto\/arri\/#primaryimage","url":"https:\/\/www.bellota.cat\/wp-content\/uploads\/2018\/03\/ARRI_unguent_bellota.png","contentUrl":"https:\/\/www.bellota.cat\/wp-content\/uploads\/2018\/03\/ARRI_unguent_bellota.png","width":800,"height":800},{"@type":"BreadcrumbList","@id":"https:\/\/www.bellota.cat\/es\/producto\/arri\/#breadcrumb","itemListElement":[{"@type":"ListItem","position":1,"name":"Inici","item":"https:\/\/www.bellota.cat\/es\/"},{"@type":"ListItem","position":2,"name":"Tienda","item":"https:\/\/www.bellota.cat\/tienda\/"},{"@type":"ListItem","position":3,"name":"Arri! &#8211; Para arrear la piernas cansadas"}]},{"@type":"WebSite","@id":"https:\/\/www.bellota.cat\/#website","url":"https:\/\/www.bellota.cat\/","name":"Bellota ung\u00fcents naturals","description":"Bellota, ung\u00fcents naturals de veritat.","publisher":{"@id":"https:\/\/www.bellota.cat\/#organization"},"alternateName":"Bellota Ung\u00fcents","potentialAction":[{"@type":"SearchAction","target":{"@type":"EntryPoint","urlTemplate":"https:\/\/www.bellota.cat\/?s={search_term_string}"},"query-input":{"@type":"PropertyValueSpecification","valueRequired":true,"valueName":"search_term_string"}}],"inLanguage":"es"},{"@type":"Organization","@id":"https:\/\/www.bellota.cat\/#organization","name":"Bellota","alternateName":"Bellota Ung\u00fcents Naturals","url":"https:\/\/www.bellota.cat\/","logo":{"@type":"ImageObject","inLanguage":"es","@id":"https:\/\/www.bellota.cat\/#\/schema\/logo\/image\/","url":"https:\/\/www.bellota.cat\/wp-content\/uploads\/2022\/08\/logobellota_212x42hzzz.png","contentUrl":"https:\/\/www.bellota.cat\/wp-content\/uploads\/2022\/08\/logobellota_212x42hzzz.png","width":424,"height":84,"caption":"Bellota"},"image":{"@id":"https:\/\/www.bellota.cat\/#\/schema\/logo\/image\/"},"sameAs":["https:\/\/www.facebook.com\/Bellota.sanota\/","https:\/\/www.instagram.com\/bellota_sanota\/","https:\/\/www.linkedin.com\/company\/bellota-natural\/"]}]}},"_links":{"self":[{"href":"https:\/\/www.bellota.cat\/es\/wp-json\/wp\/v2\/product\/8506","targetHints":{"allow":["GET"]}}],"collection":[{"href":"https:\/\/www.bellota.cat\/es\/wp-json\/wp\/v2\/product"}],"about":[{"href":"https:\/\/www.bellota.cat\/es\/wp-json\/wp\/v2\/types\/product"}],"replies":[{"embeddable":true,"href":"https:\/\/www.bellota.cat\/es\/wp-json\/wp\/v2\/comments?post=8506"}],"wp:featuredmedia":[{"embeddable":true,"href":"https:\/\/www.bellota.cat\/es\/wp-json\/wp\/v2\/media\/8885"}],"wp:attachment":[{"href":"https:\/\/www.bellota.cat\/es\/wp-json\/wp\/v2\/media?parent=8506"}],"wp:term":[{"taxonomy":"product_brand","embeddable":true,"href":"https:\/\/www.bellota.cat\/es\/wp-json\/wp\/v2\/product_brand?post=8506"},{"taxonomy":"product_cat","embeddable":true,"href":"https:\/\/www.bellota.cat\/es\/wp-json\/wp\/v2\/product_cat?post=8506"},{"taxonomy":"product_tag","embeddable":true,"href":"https:\/\/www.bellota.cat\/es\/wp-json\/wp\/v2\/product_tag?post=8506"}],"curies":[{"name":"wp","href":"https:\/\/api.w.org\/{rel}","templated":true}]}}