{"id":8503,"date":"2018-03-05T16:04:24","date_gmt":"2018-03-05T16:04:24","guid":{"rendered":"https:\/\/www.bellota.cat\/producto\/mimadora-100-ml\/"},"modified":"2026-05-04T10:03:25","modified_gmt":"2026-05-04T10:03:25","slug":"mimadora-unguento-piel-irritada","status":"publish","type":"product","link":"https:\/\/www.bellota.cat\/es\/producto\/mimadora-unguento-piel-irritada\/","title":{"rendered":"Mimadora &#8211; Para cuidar la piel"},"content":{"rendered":"\t\t<div data-elementor-type=\"wp-post\" data-elementor-id=\"8503\" class=\"elementor elementor-8503 elementor-397\">\n\t\t\t\t\t\t<section class=\"elementor-section elementor-top-section elementor-element elementor-element-a0d2391 elementor-section-full_width elementor-section-height-default elementor-section-height-default qodef-parallax-row-no qodef-content-aligment-left qodef-row-grid-no qodef-disabled-bg-image-bellow-no\" data-id=\"a0d2391\" data-element_type=\"section\" data-e-type=\"section\">\n\t\t\t\t\t\t<div class=\"elementor-container elementor-column-gap-default\">\n\t\t\t\t\t<div class=\"elementor-column elementor-col-100 elementor-top-column elementor-element elementor-element-f655cfc\" data-id=\"f655cfc\" data-element_type=\"column\" data-e-type=\"column\">\n\t\t\t<div class=\"elementor-widget-wrap elementor-element-populated\">\n\t\t\t\t\t\t<div class=\"elementor-element elementor-element-563f4e0 elementor-widget elementor-widget-text-editor\" data-id=\"563f4e0\" data-element_type=\"widget\" data-e-type=\"widget\" data-widget_type=\"text-editor.default\">\n\t\t\t\t<div class=\"elementor-widget-container\">\n\t\t\t\t\t\t\t\t\t<p class=\"p1\"><strong><i>Ingredientes: Butyrospermum Parkii Butter, Prunus Amygdalus Dulcis Oil, Cera Alba, Calendula Officinalis Flower, Chamomilla Recutita Flower, Lavandula Angustifolia Flower, Rosa Centifolia Flower, Lavandula Angustifolia Oil, Tocopherol, Rosmarinus Officinalis Leaf, Plantago Major Leaf, Malva Sylvestris Flower, Thymus Vulgaris Leaf, Helianthus Annuus Seed Oil, Limonene, Citral.<\/i><\/strong><\/p>\n<p><\/p>\n<p class=\"p1\">Aplicar sobre la zona deseada previamente limpia y seca y masajear su absorci\u00f3n. No aplicar en heridas abiertas. Lavar bien las manos despu\u00e9s de utilizar. Evitar el contacto con los ojos y las mucosas. Mantener fuera del alcance de los ni\u00f1os.<\/p>\n\t\t\t\t\t\t\t\t<\/div>\n\t\t\t\t<\/div>\n\t\t\t\t\t<\/div>\n\t\t<\/div>\n\t\t\t\t\t<\/div>\n\t\t<\/section>\n\t\t\t\t<\/div>\n\t\t","protected":false},"excerpt":{"rendered":"<p><strong>El Mimadora es un ung\u00fcento natural para la piel sufridora.<\/strong> Cuida y regenera la piel porque lo elaboramos con una base pensada para la piel, adem\u00e1s de Rosa, Malva, Lavanda, Llant\u00e9n, Tomillo, Manzanilla y Cal\u00e9ndula. \u00a1Las plantas de verdad!<\/p>\n<h5>100 ml.<\/h5>\n<hr \/>\n<p>El Mimadora es un gran aliado para el invierno, para el verano y para todo lo que hay en medio: caras peladas por los primeros contactos con el aire fr\u00edo y el viento, irritaciones del sol, tirantez o picores por sequedad.<strong><strong>Apto para pieles sensibles y para ni\u00f1os, es la delicadeza del cuidado hecha ung\u00fcento!<\/strong><br \/>\n<strong>Piel irritada, descamaci\u00f3n, picor, tirantez, sequedad de la piel.<\/strong><\/p>\n<ul>\n<li class=\"p1\"><span class=\"s1\"><b>100% de los ingredientes son de origen natural.<\/b><\/span><\/li>\n<li class=\"p2\"><b>A partir de 3 a\u00f1os.<\/b><\/li>\n<li class=\"p3\"><span class=\"s1\"><b>Testado dermatol\u00f3gicamente bajo supervisi\u00f3n m\u00e9dica.<\/b><\/span><\/li>\n<li class=\"p3\"><span class=\"s1\"><b>Seguro para piel sensible.<\/b><\/span><\/li>\n<\/ul>\n<hr \/>\n<hr \/>\n","protected":false},"featured_media":48462,"comment_status":"open","ping_status":"closed","template":"","meta":{"rs_blank_template":"","rs_page_bg_color":"","slide_template_v7":""},"product_brand":[],"product_cat":[110],"product_tag":[],"class_list":{"0":"post-8503","1":"product","2":"type-product","3":"status-publish","4":"has-post-thumbnail","6":"product_cat-unguentos","7":"pa_mides-unguent-100ml","8":"pa_mides-unguent-20ml-es","9":"pa_mides-unguent-50ml-es","11":"first","12":"instock","13":"taxable","14":"shipping-taxable","15":"purchasable","16":"product-type-variable"},"yoast_head":"<!-- This site is optimized with the Yoast SEO plugin v27.5 - https:\/\/yoast.com\/product\/yoast-seo-wordpress\/ -->\n<title>Mimadora ung\u00fcento para la piel irritada - Bellota ung\u00fcents naturals<\/title>\n<meta name=\"description\" content=\"Mimadora ung\u00fcento natural para la piel irritada. A base de plantas con propiedades regeneradoras, calmantes y cicatrizantes. Apto para pieles sensibles y para ni\u00f1os, es la delicadeza del cuidado hecha ung\u00fcento!\" \/>\n<meta name=\"robots\" content=\"index, follow, max-snippet:-1, max-image-preview:large, max-video-preview:-1\" \/>\n<link rel=\"canonical\" href=\"https:\/\/www.bellota.cat\/es\/producto\/mimadora-unguento-piel-irritada\/\" \/>\n<meta property=\"og:locale\" content=\"es_ES\" \/>\n<meta property=\"og:type\" content=\"article\" \/>\n<meta property=\"og:title\" content=\"Mimadora ung\u00fcento para la piel irritada - Bellota ung\u00fcents naturals\" \/>\n<meta property=\"og:description\" content=\"Mimadora ung\u00fcento natural para la piel irritada. A base de plantas con propiedades regeneradoras, calmantes y cicatrizantes. Apto para pieles sensibles y para ni\u00f1os, es la delicadeza del cuidado hecha ung\u00fcento!\" \/>\n<meta property=\"og:url\" content=\"https:\/\/www.bellota.cat\/es\/producto\/mimadora-unguento-piel-irritada\/\" \/>\n<meta property=\"og:site_name\" content=\"Bellota ung\u00fcents naturals\" \/>\n<meta property=\"article:publisher\" content=\"https:\/\/www.facebook.com\/Bellota.sanota\/\" \/>\n<meta property=\"article:modified_time\" content=\"2026-05-04T10:03:25+00:00\" \/>\n<meta property=\"og:image\" content=\"https:\/\/www.bellota.cat\/wp-content\/uploads\/2018\/03\/MIMADORA_100ml-_bellota_unguent.png\" \/>\n\t<meta property=\"og:image:width\" content=\"800\" \/>\n\t<meta property=\"og:image:height\" content=\"800\" \/>\n\t<meta property=\"og:image:type\" content=\"image\/png\" \/>\n<meta name=\"twitter:card\" content=\"summary_large_image\" \/>\n<meta name=\"twitter:label1\" content=\"Tiempo de lectura\" \/>\n\t<meta name=\"twitter:data1\" content=\"1 minuto\" \/>\n<script type=\"application\/ld+json\" class=\"yoast-schema-graph\">{\"@context\":\"https:\\\/\\\/schema.org\",\"@graph\":[{\"@type\":\"WebPage\",\"@id\":\"https:\\\/\\\/www.bellota.cat\\\/es\\\/producto\\\/mimadora-unguento-piel-irritada\\\/\",\"url\":\"https:\\\/\\\/www.bellota.cat\\\/es\\\/producto\\\/mimadora-unguento-piel-irritada\\\/\",\"name\":\"Mimadora ung\u00fcento para la piel irritada - Bellota ung\u00fcents naturals\",\"isPartOf\":{\"@id\":\"https:\\\/\\\/www.bellota.cat\\\/#website\"},\"primaryImageOfPage\":{\"@id\":\"https:\\\/\\\/www.bellota.cat\\\/es\\\/producto\\\/mimadora-unguento-piel-irritada\\\/#primaryimage\"},\"image\":{\"@id\":\"https:\\\/\\\/www.bellota.cat\\\/es\\\/producto\\\/mimadora-unguento-piel-irritada\\\/#primaryimage\"},\"thumbnailUrl\":\"https:\\\/\\\/www.bellota.cat\\\/wp-content\\\/uploads\\\/2018\\\/03\\\/MIMADORA_100ml-_bellota_unguent.png\",\"datePublished\":\"2018-03-05T16:04:24+00:00\",\"dateModified\":\"2026-05-04T10:03:25+00:00\",\"description\":\"Mimadora ung\u00fcento natural para la piel irritada. A base de plantas con propiedades regeneradoras, calmantes y cicatrizantes. Apto para pieles sensibles y para ni\u00f1os, es la delicadeza del cuidado hecha ung\u00fcento!\",\"breadcrumb\":{\"@id\":\"https:\\\/\\\/www.bellota.cat\\\/es\\\/producto\\\/mimadora-unguento-piel-irritada\\\/#breadcrumb\"},\"inLanguage\":\"es\",\"potentialAction\":[{\"@type\":\"ReadAction\",\"target\":[\"https:\\\/\\\/www.bellota.cat\\\/es\\\/producto\\\/mimadora-unguento-piel-irritada\\\/\"]}]},{\"@type\":\"ImageObject\",\"inLanguage\":\"es\",\"@id\":\"https:\\\/\\\/www.bellota.cat\\\/es\\\/producto\\\/mimadora-unguento-piel-irritada\\\/#primaryimage\",\"url\":\"https:\\\/\\\/www.bellota.cat\\\/wp-content\\\/uploads\\\/2018\\\/03\\\/MIMADORA_100ml-_bellota_unguent.png\",\"contentUrl\":\"https:\\\/\\\/www.bellota.cat\\\/wp-content\\\/uploads\\\/2018\\\/03\\\/MIMADORA_100ml-_bellota_unguent.png\",\"width\":800,\"height\":800},{\"@type\":\"BreadcrumbList\",\"@id\":\"https:\\\/\\\/www.bellota.cat\\\/es\\\/producto\\\/mimadora-unguento-piel-irritada\\\/#breadcrumb\",\"itemListElement\":[{\"@type\":\"ListItem\",\"position\":1,\"name\":\"Inici\",\"item\":\"https:\\\/\\\/www.bellota.cat\\\/es\\\/\"},{\"@type\":\"ListItem\",\"position\":2,\"name\":\"Tienda\",\"item\":\"https:\\\/\\\/www.bellota.cat\\\/tienda\\\/\"},{\"@type\":\"ListItem\",\"position\":3,\"name\":\"Mimadora &#8211; Para cuidar la piel\"}]},{\"@type\":\"WebSite\",\"@id\":\"https:\\\/\\\/www.bellota.cat\\\/#website\",\"url\":\"https:\\\/\\\/www.bellota.cat\\\/\",\"name\":\"Bellota ung\u00fcents naturals\",\"description\":\"Bellota, ung\u00fcents naturals de veritat.\",\"publisher\":{\"@id\":\"https:\\\/\\\/www.bellota.cat\\\/#organization\"},\"alternateName\":\"Bellota Ung\u00fcents\",\"potentialAction\":[{\"@type\":\"SearchAction\",\"target\":{\"@type\":\"EntryPoint\",\"urlTemplate\":\"https:\\\/\\\/www.bellota.cat\\\/?s={search_term_string}\"},\"query-input\":{\"@type\":\"PropertyValueSpecification\",\"valueRequired\":true,\"valueName\":\"search_term_string\"}}],\"inLanguage\":\"es\"},{\"@type\":\"Organization\",\"@id\":\"https:\\\/\\\/www.bellota.cat\\\/#organization\",\"name\":\"Bellota\",\"alternateName\":\"Bellota Ung\u00fcents Naturals\",\"url\":\"https:\\\/\\\/www.bellota.cat\\\/\",\"logo\":{\"@type\":\"ImageObject\",\"inLanguage\":\"es\",\"@id\":\"https:\\\/\\\/www.bellota.cat\\\/#\\\/schema\\\/logo\\\/image\\\/\",\"url\":\"https:\\\/\\\/www.bellota.cat\\\/wp-content\\\/uploads\\\/2022\\\/08\\\/logobellota_212x42hzzz.png\",\"contentUrl\":\"https:\\\/\\\/www.bellota.cat\\\/wp-content\\\/uploads\\\/2022\\\/08\\\/logobellota_212x42hzzz.png\",\"width\":424,\"height\":84,\"caption\":\"Bellota\"},\"image\":{\"@id\":\"https:\\\/\\\/www.bellota.cat\\\/#\\\/schema\\\/logo\\\/image\\\/\"},\"sameAs\":[\"https:\\\/\\\/www.facebook.com\\\/Bellota.sanota\\\/\",\"https:\\\/\\\/www.instagram.com\\\/bellota_sanota\\\/\",\"https:\\\/\\\/www.linkedin.com\\\/company\\\/bellota-natural\\\/\"]}]}<\/script>\n<!-- \/ Yoast SEO plugin. -->","yoast_head_json":{"title":"Mimadora ung\u00fcento para la piel irritada - Bellota ung\u00fcents naturals","description":"Mimadora ung\u00fcento natural para la piel irritada. A base de plantas con propiedades regeneradoras, calmantes y cicatrizantes. Apto para pieles sensibles y para ni\u00f1os, es la delicadeza del cuidado hecha ung\u00fcento!","robots":{"index":"index","follow":"follow","max-snippet":"max-snippet:-1","max-image-preview":"max-image-preview:large","max-video-preview":"max-video-preview:-1"},"canonical":"https:\/\/www.bellota.cat\/es\/producto\/mimadora-unguento-piel-irritada\/","og_locale":"es_ES","og_type":"article","og_title":"Mimadora ung\u00fcento para la piel irritada - Bellota ung\u00fcents naturals","og_description":"Mimadora ung\u00fcento natural para la piel irritada. A base de plantas con propiedades regeneradoras, calmantes y cicatrizantes. Apto para pieles sensibles y para ni\u00f1os, es la delicadeza del cuidado hecha ung\u00fcento!","og_url":"https:\/\/www.bellota.cat\/es\/producto\/mimadora-unguento-piel-irritada\/","og_site_name":"Bellota ung\u00fcents naturals","article_publisher":"https:\/\/www.facebook.com\/Bellota.sanota\/","article_modified_time":"2026-05-04T10:03:25+00:00","og_image":[{"width":800,"height":800,"url":"https:\/\/www.bellota.cat\/wp-content\/uploads\/2018\/03\/MIMADORA_100ml-_bellota_unguent.png","type":"image\/png"}],"twitter_card":"summary_large_image","twitter_misc":{"Tiempo de lectura":"1 minuto"},"schema":{"@context":"https:\/\/schema.org","@graph":[{"@type":"WebPage","@id":"https:\/\/www.bellota.cat\/es\/producto\/mimadora-unguento-piel-irritada\/","url":"https:\/\/www.bellota.cat\/es\/producto\/mimadora-unguento-piel-irritada\/","name":"Mimadora ung\u00fcento para la piel irritada - Bellota ung\u00fcents naturals","isPartOf":{"@id":"https:\/\/www.bellota.cat\/#website"},"primaryImageOfPage":{"@id":"https:\/\/www.bellota.cat\/es\/producto\/mimadora-unguento-piel-irritada\/#primaryimage"},"image":{"@id":"https:\/\/www.bellota.cat\/es\/producto\/mimadora-unguento-piel-irritada\/#primaryimage"},"thumbnailUrl":"https:\/\/www.bellota.cat\/wp-content\/uploads\/2018\/03\/MIMADORA_100ml-_bellota_unguent.png","datePublished":"2018-03-05T16:04:24+00:00","dateModified":"2026-05-04T10:03:25+00:00","description":"Mimadora ung\u00fcento natural para la piel irritada. A base de plantas con propiedades regeneradoras, calmantes y cicatrizantes. Apto para pieles sensibles y para ni\u00f1os, es la delicadeza del cuidado hecha ung\u00fcento!","breadcrumb":{"@id":"https:\/\/www.bellota.cat\/es\/producto\/mimadora-unguento-piel-irritada\/#breadcrumb"},"inLanguage":"es","potentialAction":[{"@type":"ReadAction","target":["https:\/\/www.bellota.cat\/es\/producto\/mimadora-unguento-piel-irritada\/"]}]},{"@type":"ImageObject","inLanguage":"es","@id":"https:\/\/www.bellota.cat\/es\/producto\/mimadora-unguento-piel-irritada\/#primaryimage","url":"https:\/\/www.bellota.cat\/wp-content\/uploads\/2018\/03\/MIMADORA_100ml-_bellota_unguent.png","contentUrl":"https:\/\/www.bellota.cat\/wp-content\/uploads\/2018\/03\/MIMADORA_100ml-_bellota_unguent.png","width":800,"height":800},{"@type":"BreadcrumbList","@id":"https:\/\/www.bellota.cat\/es\/producto\/mimadora-unguento-piel-irritada\/#breadcrumb","itemListElement":[{"@type":"ListItem","position":1,"name":"Inici","item":"https:\/\/www.bellota.cat\/es\/"},{"@type":"ListItem","position":2,"name":"Tienda","item":"https:\/\/www.bellota.cat\/tienda\/"},{"@type":"ListItem","position":3,"name":"Mimadora &#8211; Para cuidar la piel"}]},{"@type":"WebSite","@id":"https:\/\/www.bellota.cat\/#website","url":"https:\/\/www.bellota.cat\/","name":"Bellota ung\u00fcents naturals","description":"Bellota, ung\u00fcents naturals de veritat.","publisher":{"@id":"https:\/\/www.bellota.cat\/#organization"},"alternateName":"Bellota Ung\u00fcents","potentialAction":[{"@type":"SearchAction","target":{"@type":"EntryPoint","urlTemplate":"https:\/\/www.bellota.cat\/?s={search_term_string}"},"query-input":{"@type":"PropertyValueSpecification","valueRequired":true,"valueName":"search_term_string"}}],"inLanguage":"es"},{"@type":"Organization","@id":"https:\/\/www.bellota.cat\/#organization","name":"Bellota","alternateName":"Bellota Ung\u00fcents Naturals","url":"https:\/\/www.bellota.cat\/","logo":{"@type":"ImageObject","inLanguage":"es","@id":"https:\/\/www.bellota.cat\/#\/schema\/logo\/image\/","url":"https:\/\/www.bellota.cat\/wp-content\/uploads\/2022\/08\/logobellota_212x42hzzz.png","contentUrl":"https:\/\/www.bellota.cat\/wp-content\/uploads\/2022\/08\/logobellota_212x42hzzz.png","width":424,"height":84,"caption":"Bellota"},"image":{"@id":"https:\/\/www.bellota.cat\/#\/schema\/logo\/image\/"},"sameAs":["https:\/\/www.facebook.com\/Bellota.sanota\/","https:\/\/www.instagram.com\/bellota_sanota\/","https:\/\/www.linkedin.com\/company\/bellota-natural\/"]}]}},"_links":{"self":[{"href":"https:\/\/www.bellota.cat\/es\/wp-json\/wp\/v2\/product\/8503","targetHints":{"allow":["GET"]}}],"collection":[{"href":"https:\/\/www.bellota.cat\/es\/wp-json\/wp\/v2\/product"}],"about":[{"href":"https:\/\/www.bellota.cat\/es\/wp-json\/wp\/v2\/types\/product"}],"replies":[{"embeddable":true,"href":"https:\/\/www.bellota.cat\/es\/wp-json\/wp\/v2\/comments?post=8503"}],"wp:featuredmedia":[{"embeddable":true,"href":"https:\/\/www.bellota.cat\/es\/wp-json\/wp\/v2\/media\/48462"}],"wp:attachment":[{"href":"https:\/\/www.bellota.cat\/es\/wp-json\/wp\/v2\/media?parent=8503"}],"wp:term":[{"taxonomy":"product_brand","embeddable":true,"href":"https:\/\/www.bellota.cat\/es\/wp-json\/wp\/v2\/product_brand?post=8503"},{"taxonomy":"product_cat","embeddable":true,"href":"https:\/\/www.bellota.cat\/es\/wp-json\/wp\/v2\/product_cat?post=8503"},{"taxonomy":"product_tag","embeddable":true,"href":"https:\/\/www.bellota.cat\/es\/wp-json\/wp\/v2\/product_tag?post=8503"}],"curies":[{"name":"wp","href":"https:\/\/api.w.org\/{rel}","templated":true}]}}