{"id":48103,"date":"2024-11-28T11:48:51","date_gmt":"2024-11-28T11:48:51","guid":{"rendered":"https:\/\/www.bellota.cat\/producto\/paq-xic\/"},"modified":"2026-04-26T11:38:58","modified_gmt":"2026-04-26T11:38:58","slug":"paq-xic","status":"publish","type":"product","link":"https:\/\/www.bellota.cat\/es\/producto\/paq-xic\/","title":{"rendered":"Fardo Xic"},"content":{"rendered":"\t\t<div data-elementor-type=\"wp-post\" data-elementor-id=\"48103\" class=\"elementor elementor-48103 elementor-38669\">\n\t\t\t\t\t\t<section class=\"elementor-section elementor-top-section elementor-element elementor-element-38018c8 elementor-section-full_width elementor-section-height-default elementor-section-height-default qodef-parallax-row-no qodef-content-aligment-left qodef-row-grid-no qodef-disabled-bg-image-bellow-no\" data-id=\"38018c8\" data-element_type=\"section\" data-e-type=\"section\">\n\t\t\t\t\t\t<div class=\"elementor-container elementor-column-gap-default\">\n\t\t\t\t\t<div class=\"elementor-column elementor-col-100 elementor-top-column elementor-element elementor-element-3b8933b\" data-id=\"3b8933b\" data-element_type=\"column\" data-e-type=\"column\">\n\t\t\t<div class=\"elementor-widget-wrap elementor-element-populated\">\n\t\t\t\t\t\t<div class=\"elementor-element elementor-element-3ad4f67 elementor-widget elementor-widget-text-editor\" data-id=\"3ad4f67\" data-element_type=\"widget\" data-e-type=\"widget\" data-widget_type=\"text-editor.default\">\n\t\t\t\t<div class=\"elementor-widget-container\">\n\t\t\t\t\t\t\t\t\t<p class=\"p1\"><strong><i>INGREDIENTS:Prunus amygdalus dulcis oil, Butyrospermum parkii butter, Cera alba, Eucalyptus globulus leaf, Mentha piperita leaf, Abies alba extract, Thymus vulgaris leaf, Tocopherol, Menta piperita leaf oil, Eucalyptus globulus leaf oil, Thymus vulgaris leaf oil, Citrus Limon Peel Oil, Tocopherol.<span class=\"Apple-converted-space\">\u00a0<\/span><\/i><\/strong><\/p>\n<p><\/p>\n<p class=\"p1\">Aplicar sobre la zona deseada previamente limpia y seca y masajear su absorci\u00f3n. No aplicar a heridas abiertas. Lavar bien las manos despu\u00e9s de utilizar. Evitar el contacto con ojos y mucosas. Mantenerse fuera del alcance de los ni\u00f1os.<\/p>\n\t\t\t\t\t\t\t\t<\/div>\n\t\t\t\t<\/div>\n\t\t\t\t\t<\/div>\n\t\t<\/div>\n\t\t\t\t\t<\/div>\n\t\t<\/section>\n\t\t\t\t<\/div>\n\t\t","protected":false},"excerpt":{"rendered":"<h1 class=\"p1\"><strong>Fardo Xic es el mini botiqu\u00edn natural.<\/strong><\/h1>\n<h2 class=\"p1\"><strong>Los tama\u00f1os peque\u00f1os de los ung\u00fcentos cl\u00e1sicos de Bellota. \u00a1Para regalar, llevarlos de viaje o para probar!<\/strong><\/h2>\n<div class=\"gmail_default\"><strong>Dentro del Fardo Xic:<\/strong><\/div>\n<div><\/div>\n<div class=\"gmail_default\"><strong>El Pet\u00f3 de mare<\/strong> (15 ml), Protege la piel y calma picores r\u00e1pidamente, ideal para las cosas que escuecen: picaduras, irritaci\u00f3n, saba\u00f1ones, la nariz entre sonada y sonada, labios y manos cortadas.<\/div>\n<div><\/div>\n<div class=\"gmail_default\"><strong>El Curasana<\/strong> (20 ml), elaborado con plantas conocidas por sus propiedades antiinflamatorias y analg\u00e9sicas. \u00a1Un ung\u00fcento para aliviar la tensi\u00f3n muscular y de efecto r\u00e1pido!<\/div>\n<div><\/div>\n<div><strong>El Mimadora<\/strong> (20 ml), especialista en regenerar la piel como ning\u00fan otro, ideal las irritaciones del sol y las pieles irritadas por el fr\u00edo. Calma y regenera la piel.<\/div>\n<div><\/div>\n<p><img decoding=\"async\" class=\"alignnone wp-image-15735 size-medium\" title=\"env\u00edo gratuito\" src=\"https:\/\/www.bellota.cat\/wp-content\/uploads\/2018\/03\/env\u00edo_gratuito_bellota-300x56.png\" alt=\"env\u00edo gratuito a partir de 49,90\u20ac\" width=\"300\" height=\"56\" \/><\/p>\n","protected":false},"featured_media":48694,"comment_status":"open","ping_status":"closed","template":"","meta":{"rs_blank_template":"","rs_page_bg_color":"","slide_template_v7":""},"product_brand":[],"product_cat":[156,110],"product_tag":[],"class_list":{"0":"post-48103","1":"product","2":"type-product","3":"status-publish","4":"has-post-thumbnail","6":"product_cat-fardos-regalo","7":"product_cat-unguentos","9":"first","10":"instock","11":"sale","12":"taxable","13":"shipping-taxable","14":"purchasable","15":"product-type-simple"},"yoast_head":"<!-- This site is optimized with the Yoast SEO plugin v27.5 - https:\/\/yoast.com\/product\/yoast-seo-wordpress\/ -->\n<title>Fardo Xic - Bellota ung\u00fcents naturals<\/title>\n<meta name=\"description\" content=\"Fardo Xic de Bellota. Los tama\u00f1os menudos de los ung\u00fcentos cl\u00e1sicos de Bellota, listos para regalar, llevar de viaje o hacer probar.\" \/>\n<meta name=\"robots\" content=\"index, follow, max-snippet:-1, max-image-preview:large, max-video-preview:-1\" \/>\n<link rel=\"canonical\" href=\"https:\/\/www.bellota.cat\/es\/producto\/paq-xic\/\" \/>\n<meta property=\"og:locale\" content=\"es_ES\" \/>\n<meta property=\"og:type\" content=\"article\" \/>\n<meta property=\"og:title\" content=\"Fardo Xic - Bellota ung\u00fcents naturals\" \/>\n<meta property=\"og:description\" content=\"Fardo Xic de Bellota. Los tama\u00f1os menudos de los ung\u00fcentos cl\u00e1sicos de Bellota, listos para regalar, llevar de viaje o hacer probar.\" \/>\n<meta property=\"og:url\" content=\"https:\/\/www.bellota.cat\/es\/producto\/paq-xic\/\" \/>\n<meta property=\"og:site_name\" content=\"Bellota ung\u00fcents naturals\" \/>\n<meta property=\"article:publisher\" content=\"https:\/\/www.facebook.com\/Bellota.sanota\/\" \/>\n<meta property=\"article:modified_time\" content=\"2026-04-26T11:38:58+00:00\" \/>\n<meta property=\"og:image\" content=\"https:\/\/www.bellota.cat\/wp-content\/uploads\/2024\/11\/farcell_xic_bellota-estudi.png\" \/>\n\t<meta property=\"og:image:width\" content=\"900\" \/>\n\t<meta property=\"og:image:height\" content=\"1200\" \/>\n\t<meta property=\"og:image:type\" content=\"image\/png\" \/>\n<meta name=\"twitter:card\" content=\"summary_large_image\" \/>\n<meta name=\"twitter:label1\" content=\"Tiempo de lectura\" \/>\n\t<meta name=\"twitter:data1\" content=\"1 minuto\" \/>\n<script type=\"application\/ld+json\" class=\"yoast-schema-graph\">{\"@context\":\"https:\\\/\\\/schema.org\",\"@graph\":[{\"@type\":\"WebPage\",\"@id\":\"https:\\\/\\\/www.bellota.cat\\\/es\\\/producto\\\/paq-xic\\\/\",\"url\":\"https:\\\/\\\/www.bellota.cat\\\/es\\\/producto\\\/paq-xic\\\/\",\"name\":\"Fardo Xic - Bellota ung\u00fcents naturals\",\"isPartOf\":{\"@id\":\"https:\\\/\\\/www.bellota.cat\\\/#website\"},\"primaryImageOfPage\":{\"@id\":\"https:\\\/\\\/www.bellota.cat\\\/es\\\/producto\\\/paq-xic\\\/#primaryimage\"},\"image\":{\"@id\":\"https:\\\/\\\/www.bellota.cat\\\/es\\\/producto\\\/paq-xic\\\/#primaryimage\"},\"thumbnailUrl\":\"https:\\\/\\\/www.bellota.cat\\\/wp-content\\\/uploads\\\/2024\\\/11\\\/farcell_xic_bellota-estudi.png\",\"datePublished\":\"2024-11-28T11:48:51+00:00\",\"dateModified\":\"2026-04-26T11:38:58+00:00\",\"description\":\"Fardo Xic de Bellota. Los tama\u00f1os menudos de los ung\u00fcentos cl\u00e1sicos de Bellota, listos para regalar, llevar de viaje o hacer probar.\",\"breadcrumb\":{\"@id\":\"https:\\\/\\\/www.bellota.cat\\\/es\\\/producto\\\/paq-xic\\\/#breadcrumb\"},\"inLanguage\":\"es\",\"potentialAction\":[{\"@type\":\"ReadAction\",\"target\":[\"https:\\\/\\\/www.bellota.cat\\\/es\\\/producto\\\/paq-xic\\\/\"]}]},{\"@type\":\"ImageObject\",\"inLanguage\":\"es\",\"@id\":\"https:\\\/\\\/www.bellota.cat\\\/es\\\/producto\\\/paq-xic\\\/#primaryimage\",\"url\":\"https:\\\/\\\/www.bellota.cat\\\/wp-content\\\/uploads\\\/2024\\\/11\\\/farcell_xic_bellota-estudi.png\",\"contentUrl\":\"https:\\\/\\\/www.bellota.cat\\\/wp-content\\\/uploads\\\/2024\\\/11\\\/farcell_xic_bellota-estudi.png\",\"width\":900,\"height\":1200},{\"@type\":\"BreadcrumbList\",\"@id\":\"https:\\\/\\\/www.bellota.cat\\\/es\\\/producto\\\/paq-xic\\\/#breadcrumb\",\"itemListElement\":[{\"@type\":\"ListItem\",\"position\":1,\"name\":\"Inici\",\"item\":\"https:\\\/\\\/www.bellota.cat\\\/es\\\/\"},{\"@type\":\"ListItem\",\"position\":2,\"name\":\"Tienda\",\"item\":\"https:\\\/\\\/www.bellota.cat\\\/tienda\\\/\"},{\"@type\":\"ListItem\",\"position\":3,\"name\":\"Fardo Xic\"}]},{\"@type\":\"WebSite\",\"@id\":\"https:\\\/\\\/www.bellota.cat\\\/#website\",\"url\":\"https:\\\/\\\/www.bellota.cat\\\/\",\"name\":\"Bellota ung\u00fcents naturals\",\"description\":\"Bellota, ung\u00fcents naturals de veritat.\",\"publisher\":{\"@id\":\"https:\\\/\\\/www.bellota.cat\\\/#organization\"},\"alternateName\":\"Bellota Ung\u00fcents\",\"potentialAction\":[{\"@type\":\"SearchAction\",\"target\":{\"@type\":\"EntryPoint\",\"urlTemplate\":\"https:\\\/\\\/www.bellota.cat\\\/?s={search_term_string}\"},\"query-input\":{\"@type\":\"PropertyValueSpecification\",\"valueRequired\":true,\"valueName\":\"search_term_string\"}}],\"inLanguage\":\"es\"},{\"@type\":\"Organization\",\"@id\":\"https:\\\/\\\/www.bellota.cat\\\/#organization\",\"name\":\"Bellota\",\"alternateName\":\"Bellota Ung\u00fcents Naturals\",\"url\":\"https:\\\/\\\/www.bellota.cat\\\/\",\"logo\":{\"@type\":\"ImageObject\",\"inLanguage\":\"es\",\"@id\":\"https:\\\/\\\/www.bellota.cat\\\/#\\\/schema\\\/logo\\\/image\\\/\",\"url\":\"https:\\\/\\\/www.bellota.cat\\\/wp-content\\\/uploads\\\/2022\\\/08\\\/logobellota_212x42hzzz.png\",\"contentUrl\":\"https:\\\/\\\/www.bellota.cat\\\/wp-content\\\/uploads\\\/2022\\\/08\\\/logobellota_212x42hzzz.png\",\"width\":424,\"height\":84,\"caption\":\"Bellota\"},\"image\":{\"@id\":\"https:\\\/\\\/www.bellota.cat\\\/#\\\/schema\\\/logo\\\/image\\\/\"},\"sameAs\":[\"https:\\\/\\\/www.facebook.com\\\/Bellota.sanota\\\/\",\"https:\\\/\\\/www.instagram.com\\\/bellota_sanota\\\/\",\"https:\\\/\\\/www.linkedin.com\\\/company\\\/bellota-natural\\\/\"]}]}<\/script>\n<!-- \/ Yoast SEO plugin. -->","yoast_head_json":{"title":"Fardo Xic - Bellota ung\u00fcents naturals","description":"Fardo Xic de Bellota. Los tama\u00f1os menudos de los ung\u00fcentos cl\u00e1sicos de Bellota, listos para regalar, llevar de viaje o hacer probar.","robots":{"index":"index","follow":"follow","max-snippet":"max-snippet:-1","max-image-preview":"max-image-preview:large","max-video-preview":"max-video-preview:-1"},"canonical":"https:\/\/www.bellota.cat\/es\/producto\/paq-xic\/","og_locale":"es_ES","og_type":"article","og_title":"Fardo Xic - Bellota ung\u00fcents naturals","og_description":"Fardo Xic de Bellota. Los tama\u00f1os menudos de los ung\u00fcentos cl\u00e1sicos de Bellota, listos para regalar, llevar de viaje o hacer probar.","og_url":"https:\/\/www.bellota.cat\/es\/producto\/paq-xic\/","og_site_name":"Bellota ung\u00fcents naturals","article_publisher":"https:\/\/www.facebook.com\/Bellota.sanota\/","article_modified_time":"2026-04-26T11:38:58+00:00","og_image":[{"width":900,"height":1200,"url":"https:\/\/www.bellota.cat\/wp-content\/uploads\/2024\/11\/farcell_xic_bellota-estudi.png","type":"image\/png"}],"twitter_card":"summary_large_image","twitter_misc":{"Tiempo de lectura":"1 minuto"},"schema":{"@context":"https:\/\/schema.org","@graph":[{"@type":"WebPage","@id":"https:\/\/www.bellota.cat\/es\/producto\/paq-xic\/","url":"https:\/\/www.bellota.cat\/es\/producto\/paq-xic\/","name":"Fardo Xic - Bellota ung\u00fcents naturals","isPartOf":{"@id":"https:\/\/www.bellota.cat\/#website"},"primaryImageOfPage":{"@id":"https:\/\/www.bellota.cat\/es\/producto\/paq-xic\/#primaryimage"},"image":{"@id":"https:\/\/www.bellota.cat\/es\/producto\/paq-xic\/#primaryimage"},"thumbnailUrl":"https:\/\/www.bellota.cat\/wp-content\/uploads\/2024\/11\/farcell_xic_bellota-estudi.png","datePublished":"2024-11-28T11:48:51+00:00","dateModified":"2026-04-26T11:38:58+00:00","description":"Fardo Xic de Bellota. Los tama\u00f1os menudos de los ung\u00fcentos cl\u00e1sicos de Bellota, listos para regalar, llevar de viaje o hacer probar.","breadcrumb":{"@id":"https:\/\/www.bellota.cat\/es\/producto\/paq-xic\/#breadcrumb"},"inLanguage":"es","potentialAction":[{"@type":"ReadAction","target":["https:\/\/www.bellota.cat\/es\/producto\/paq-xic\/"]}]},{"@type":"ImageObject","inLanguage":"es","@id":"https:\/\/www.bellota.cat\/es\/producto\/paq-xic\/#primaryimage","url":"https:\/\/www.bellota.cat\/wp-content\/uploads\/2024\/11\/farcell_xic_bellota-estudi.png","contentUrl":"https:\/\/www.bellota.cat\/wp-content\/uploads\/2024\/11\/farcell_xic_bellota-estudi.png","width":900,"height":1200},{"@type":"BreadcrumbList","@id":"https:\/\/www.bellota.cat\/es\/producto\/paq-xic\/#breadcrumb","itemListElement":[{"@type":"ListItem","position":1,"name":"Inici","item":"https:\/\/www.bellota.cat\/es\/"},{"@type":"ListItem","position":2,"name":"Tienda","item":"https:\/\/www.bellota.cat\/tienda\/"},{"@type":"ListItem","position":3,"name":"Fardo Xic"}]},{"@type":"WebSite","@id":"https:\/\/www.bellota.cat\/#website","url":"https:\/\/www.bellota.cat\/","name":"Bellota ung\u00fcents naturals","description":"Bellota, ung\u00fcents naturals de veritat.","publisher":{"@id":"https:\/\/www.bellota.cat\/#organization"},"alternateName":"Bellota Ung\u00fcents","potentialAction":[{"@type":"SearchAction","target":{"@type":"EntryPoint","urlTemplate":"https:\/\/www.bellota.cat\/?s={search_term_string}"},"query-input":{"@type":"PropertyValueSpecification","valueRequired":true,"valueName":"search_term_string"}}],"inLanguage":"es"},{"@type":"Organization","@id":"https:\/\/www.bellota.cat\/#organization","name":"Bellota","alternateName":"Bellota Ung\u00fcents Naturals","url":"https:\/\/www.bellota.cat\/","logo":{"@type":"ImageObject","inLanguage":"es","@id":"https:\/\/www.bellota.cat\/#\/schema\/logo\/image\/","url":"https:\/\/www.bellota.cat\/wp-content\/uploads\/2022\/08\/logobellota_212x42hzzz.png","contentUrl":"https:\/\/www.bellota.cat\/wp-content\/uploads\/2022\/08\/logobellota_212x42hzzz.png","width":424,"height":84,"caption":"Bellota"},"image":{"@id":"https:\/\/www.bellota.cat\/#\/schema\/logo\/image\/"},"sameAs":["https:\/\/www.facebook.com\/Bellota.sanota\/","https:\/\/www.instagram.com\/bellota_sanota\/","https:\/\/www.linkedin.com\/company\/bellota-natural\/"]}]}},"_links":{"self":[{"href":"https:\/\/www.bellota.cat\/es\/wp-json\/wp\/v2\/product\/48103","targetHints":{"allow":["GET"]}}],"collection":[{"href":"https:\/\/www.bellota.cat\/es\/wp-json\/wp\/v2\/product"}],"about":[{"href":"https:\/\/www.bellota.cat\/es\/wp-json\/wp\/v2\/types\/product"}],"replies":[{"embeddable":true,"href":"https:\/\/www.bellota.cat\/es\/wp-json\/wp\/v2\/comments?post=48103"}],"wp:featuredmedia":[{"embeddable":true,"href":"https:\/\/www.bellota.cat\/es\/wp-json\/wp\/v2\/media\/48694"}],"wp:attachment":[{"href":"https:\/\/www.bellota.cat\/es\/wp-json\/wp\/v2\/media?parent=48103"}],"wp:term":[{"taxonomy":"product_brand","embeddable":true,"href":"https:\/\/www.bellota.cat\/es\/wp-json\/wp\/v2\/product_brand?post=48103"},{"taxonomy":"product_cat","embeddable":true,"href":"https:\/\/www.bellota.cat\/es\/wp-json\/wp\/v2\/product_cat?post=48103"},{"taxonomy":"product_tag","embeddable":true,"href":"https:\/\/www.bellota.cat\/es\/wp-json\/wp\/v2\/product_tag?post=48103"}],"curies":[{"name":"wp","href":"https:\/\/api.w.org\/{rel}","templated":true}]}}