{"id":48727,"date":"2026-05-05T11:08:58","date_gmt":"2026-05-05T11:08:58","guid":{"rendered":"https:\/\/www.bellota.cat\/?page_id=48727"},"modified":"2026-05-06T19:17:12","modified_gmt":"2026-05-06T19:17:12","slug":"trabajemos-juntos","status":"publish","type":"page","link":"https:\/\/www.bellota.cat\/es\/trabajemos-juntos\/","title":{"rendered":"Trabajemos juntos"},"content":{"rendered":"\t\t<div data-elementor-type=\"wp-page\" data-elementor-id=\"48727\" class=\"elementor elementor-48727\">\n\t\t\t\t\t\t<section class=\"elementor-section elementor-top-section elementor-element elementor-element-6c57fc49 elementor-section-full_width qodef-row-grid-section elementor-section-content-top elementor-section-height-default elementor-section-height-default qodef-parallax-row-no qodef-content-aligment-left qodef-disabled-bg-image-bellow-no\" data-id=\"6c57fc49\" data-element_type=\"section\" data-e-type=\"section\">\n\t\t\t\t\t\t<div class=\"elementor-container elementor-column-gap-default\">\n\t\t\t\t\t<div class=\"elementor-column elementor-col-25 elementor-top-column elementor-element elementor-element-25820b74\" data-id=\"25820b74\" data-element_type=\"column\" data-e-type=\"column\">\n\t\t\t<div class=\"elementor-widget-wrap elementor-element-populated\">\n\t\t\t\t\t\t<div class=\"elementor-element elementor-element-13372eb7 elementor-widget elementor-widget-qodef_image_with_text\" data-id=\"13372eb7\" data-element_type=\"widget\" data-e-type=\"widget\" data-widget_type=\"qodef_image_with_text.default\">\n\t\t\t\t<div class=\"elementor-widget-container\">\n\t\t\t\t\t<div class=\"qodef-image-with-text-holder    \">\n    <div class=\"qodef-iwt-image\">\n\t                                                <img fetchpriority=\"high\" decoding=\"async\" width=\"800\" height=\"1147\" src=\"https:\/\/www.bellota.cat\/wp-content\/uploads\/2026\/05\/bellota-tradicion.png\" class=\"attachment-full size-full\" alt=\"\" srcset=\"https:\/\/www.bellota.cat\/wp-content\/uploads\/2026\/05\/bellota-tradicion.png 800w, https:\/\/www.bellota.cat\/wp-content\/uploads\/2026\/05\/bellota-tradicion-209x300.png 209w, https:\/\/www.bellota.cat\/wp-content\/uploads\/2026\/05\/bellota-tradicion-714x1024.png 714w, https:\/\/www.bellota.cat\/wp-content\/uploads\/2026\/05\/bellota-tradicion-768x1101.png 768w, https:\/\/www.bellota.cat\/wp-content\/uploads\/2026\/05\/bellota-tradicion-600x860.png 600w\" sizes=\"(max-width: 800px) 100vw, 800px\" \/>                                <\/div>\n    <div class=\"qodef-iwt-text-holder\">\n                    <h3 class=\"qodef-iwt-title\" >Tradici\u00f3n<\/h3>\n        \t\t    <\/div>\n<\/div>\t\t\t\t<\/div>\n\t\t\t\t<\/div>\n\t\t\t\t<div class=\"elementor-element elementor-element-55992551 elementor-widget elementor-widget-text-editor\" data-id=\"55992551\" data-element_type=\"widget\" data-e-type=\"widget\" data-widget_type=\"text-editor.default\">\n\t\t\t\t<div class=\"elementor-widget-container\">\n\t\t\t\t\t\t\t\t\t<p>Partimos de las recetas tradicionales, las que hemos conocido en nuestras casas y nuestras comunidades rurales. Trabajamos con las plantas y respetamos el proceso artesanal: con grandes ollas, plantas trituradas, removiendo con cucharas gigantes.<\/p>\t\t\t\t\t\t\t\t<\/div>\n\t\t\t\t<\/div>\n\t\t\t\t\t<\/div>\n\t\t<\/div>\n\t\t\t\t<div class=\"elementor-column elementor-col-25 elementor-top-column elementor-element elementor-element-1583a8b6\" data-id=\"1583a8b6\" data-element_type=\"column\" data-e-type=\"column\">\n\t\t\t<div class=\"elementor-widget-wrap elementor-element-populated\">\n\t\t\t\t\t\t<div class=\"elementor-element elementor-element-68d0177d elementor-widget elementor-widget-qodef_image_with_text\" data-id=\"68d0177d\" data-element_type=\"widget\" data-e-type=\"widget\" data-widget_type=\"qodef_image_with_text.default\">\n\t\t\t\t<div class=\"elementor-widget-container\">\n\t\t\t\t\t<div class=\"qodef-image-with-text-holder    \">\n    <div class=\"qodef-iwt-image\">\n\t                                                <img decoding=\"async\" width=\"800\" height=\"1147\" src=\"https:\/\/www.bellota.cat\/wp-content\/uploads\/2026\/05\/bellota-rayos.png\" class=\"attachment-full size-full\" alt=\"\" srcset=\"https:\/\/www.bellota.cat\/wp-content\/uploads\/2026\/05\/bellota-rayos.png 800w, https:\/\/www.bellota.cat\/wp-content\/uploads\/2026\/05\/bellota-rayos-209x300.png 209w, https:\/\/www.bellota.cat\/wp-content\/uploads\/2026\/05\/bellota-rayos-714x1024.png 714w, https:\/\/www.bellota.cat\/wp-content\/uploads\/2026\/05\/bellota-rayos-768x1101.png 768w, https:\/\/www.bellota.cat\/wp-content\/uploads\/2026\/05\/bellota-rayos-600x860.png 600w\" sizes=\"(max-width: 800px) 100vw, 800px\" \/>                                <\/div>\n    <div class=\"qodef-iwt-text-holder\">\n                    <h3 class=\"qodef-iwt-title\" >Ciencia<\/h3>\n        \t\t    <\/div>\n<\/div>\t\t\t\t<\/div>\n\t\t\t\t<\/div>\n\t\t\t\t<div class=\"elementor-element elementor-element-75710155 elementor-widget elementor-widget-text-editor\" data-id=\"75710155\" data-element_type=\"widget\" data-e-type=\"widget\" data-widget_type=\"text-editor.default\">\n\t\t\t\t<div class=\"elementor-widget-container\">\n\t\t\t\t\t\t\t\t\t<p>Hemos contrastado cient\u00edficamente cada estudio realizado sobre las plantas tradicionales y con esta base de conocimiento, hemos formulado ung\u00fcentos naturales para fines concretos.<\/p><p><strong>El resultado es un producto potente, efectivo y 100% natural basado en las propiedades de las plantas.<\/strong><\/p>\t\t\t\t\t\t\t\t<\/div>\n\t\t\t\t<\/div>\n\t\t\t\t\t<\/div>\n\t\t<\/div>\n\t\t\t\t<div class=\"elementor-column elementor-col-25 elementor-top-column elementor-element elementor-element-63754c04\" data-id=\"63754c04\" data-element_type=\"column\" data-e-type=\"column\">\n\t\t\t<div class=\"elementor-widget-wrap elementor-element-populated\">\n\t\t\t\t\t\t<div class=\"elementor-element elementor-element-1997215e elementor-widget elementor-widget-qodef_image_with_text\" data-id=\"1997215e\" data-element_type=\"widget\" data-e-type=\"widget\" data-widget_type=\"qodef_image_with_text.default\">\n\t\t\t\t<div class=\"elementor-widget-container\">\n\t\t\t\t\t<div class=\"qodef-image-with-text-holder    \">\n    <div class=\"qodef-iwt-image\">\n\t                                                <img decoding=\"async\" width=\"924\" height=\"1252\" src=\"https:\/\/www.bellota.cat\/wp-content\/uploads\/2026\/05\/gym-dones_bellota_crema_natural.png\" class=\"attachment-full size-full\" alt=\"\" srcset=\"https:\/\/www.bellota.cat\/wp-content\/uploads\/2026\/05\/gym-dones_bellota_crema_natural.png 924w, https:\/\/www.bellota.cat\/wp-content\/uploads\/2026\/05\/gym-dones_bellota_crema_natural-221x300.png 221w, https:\/\/www.bellota.cat\/wp-content\/uploads\/2026\/05\/gym-dones_bellota_crema_natural-756x1024.png 756w, https:\/\/www.bellota.cat\/wp-content\/uploads\/2026\/05\/gym-dones_bellota_crema_natural-768x1041.png 768w, https:\/\/www.bellota.cat\/wp-content\/uploads\/2026\/05\/gym-dones_bellota_crema_natural-600x813.png 600w\" sizes=\"(max-width: 924px) 100vw, 924px\" \/>                                <\/div>\n    <div class=\"qodef-iwt-text-holder\">\n                    <h3 class=\"qodef-iwt-title\" >Confianza<\/h3>\n        \t\t    <\/div>\n<\/div>\t\t\t\t<\/div>\n\t\t\t\t<\/div>\n\t\t\t\t<div class=\"elementor-element elementor-element-568a2947 elementor-widget elementor-widget-text-editor\" data-id=\"568a2947\" data-element_type=\"widget\" data-e-type=\"widget\" data-widget_type=\"text-editor.default\">\n\t\t\t\t<div class=\"elementor-widget-container\">\n\t\t\t\t\t\t\t\t\t<p>Los ung\u00fcentos de Bellota los elaboramos en nuestro propio laboratorio, cumpliendo con la normativa cosm\u00e9tica europea y los est\u00e1ndares sanitarios que exige la actualidad.<\/p><p>\u00a0<\/p>\t\t\t\t\t\t\t\t<\/div>\n\t\t\t\t<\/div>\n\t\t\t\t\t<\/div>\n\t\t<\/div>\n\t\t\t\t<div class=\"elementor-column elementor-col-25 elementor-top-column elementor-element elementor-element-117b59d4\" data-id=\"117b59d4\" data-element_type=\"column\" data-e-type=\"column\">\n\t\t\t<div class=\"elementor-widget-wrap elementor-element-populated\">\n\t\t\t\t\t\t<div class=\"elementor-element elementor-element-134cf3ea elementor-widget elementor-widget-qodef_image_with_text\" data-id=\"134cf3ea\" data-element_type=\"widget\" data-e-type=\"widget\" data-widget_type=\"qodef_image_with_text.default\">\n\t\t\t\t<div class=\"elementor-widget-container\">\n\t\t\t\t\t<div class=\"qodef-image-with-text-holder    \">\n    <div class=\"qodef-iwt-image\">\n\t                                                <img loading=\"lazy\" decoding=\"async\" width=\"800\" height=\"1147\" src=\"https:\/\/www.bellota.cat\/wp-content\/uploads\/2026\/05\/bellota-masaje.png\" class=\"attachment-full size-full\" alt=\"\" srcset=\"https:\/\/www.bellota.cat\/wp-content\/uploads\/2026\/05\/bellota-masaje.png 800w, https:\/\/www.bellota.cat\/wp-content\/uploads\/2026\/05\/bellota-masaje-209x300.png 209w, https:\/\/www.bellota.cat\/wp-content\/uploads\/2026\/05\/bellota-masaje-714x1024.png 714w, https:\/\/www.bellota.cat\/wp-content\/uploads\/2026\/05\/bellota-masaje-768x1101.png 768w, https:\/\/www.bellota.cat\/wp-content\/uploads\/2026\/05\/bellota-masaje-600x860.png 600w\" sizes=\"(max-width: 800px) 100vw, 800px\" \/>                                <\/div>\n    <div class=\"qodef-iwt-text-holder\">\n                    <h3 class=\"qodef-iwt-title\" >Local<\/h3>\n        \t\t    <\/div>\n<\/div>\t\t\t\t<\/div>\n\t\t\t\t<\/div>\n\t\t\t\t<div class=\"elementor-element elementor-element-27034b35 elementor-widget elementor-widget-text-editor\" data-id=\"27034b35\" data-element_type=\"widget\" data-e-type=\"widget\" data-widget_type=\"text-editor.default\">\n\t\t\t\t<div class=\"elementor-widget-container\">\n\t\t\t\t\t\t\t\t\t<p>Estamos ampliamente presentes en Catalu\u00f1a, apostamos por los puntos de venta locales, en pueblos y barrios: farmacias, herbolarios y establecimientos de confianza.<\/p><p>Nuestros valores son los de nuestros productos: devolver el valor al saber tradicional y a las comunidades que lo mantienen.<\/p>\t\t\t\t\t\t\t\t<\/div>\n\t\t\t\t<\/div>\n\t\t\t\t\t<\/div>\n\t\t<\/div>\n\t\t\t\t\t<\/div>\n\t\t<\/section>\n\t\t\t\t<\/div>\n\t\t","protected":false},"excerpt":{"rendered":"<p>Tradici\u00f3n Partimos de las recetas tradicionales, las que hemos conocido en nuestras casas y nuestras comunidades rurales. Trabajamos con las plantas y respetamos el proceso artesanal: con grandes ollas, plantas trituradas, removiendo con cucharas gigantes. Ciencia Hemos contrastado cient\u00edficamente cada [&hellip;]<\/p>\n","protected":false},"author":1,"featured_media":0,"parent":0,"menu_order":0,"comment_status":"closed","ping_status":"closed","template":"","meta":{"rs_blank_template":"","rs_page_bg_color":"","slide_template_v7":"","footnotes":""},"class_list":["post-48727","page","type-page","status-publish","hentry"],"yoast_head":"<!-- This site is optimized with the Yoast SEO plugin v27.5 - https:\/\/yoast.com\/product\/yoast-seo-wordpress\/ -->\n<title>Trabajemos juntos - Bellota ung\u00fcentos naturales<\/title>\n<meta name=\"description\" content=\"\u00a1Trabajemos juntos! Si tienes un establecimiento relacionado con los productos naturales, la salud y el bienestar, tenemos que trabajar juntos. Nuestra prioridad son los comercios locales, en pueblos y barrios: herbolarios, farmacias y sitios de confianza.\" \/>\n<meta name=\"robots\" content=\"index, follow, max-snippet:-1, max-image-preview:large, max-video-preview:-1\" \/>\n<link rel=\"canonical\" href=\"https:\/\/www.bellota.cat\/es\/trabajemos-juntos\/\" \/>\n<meta property=\"og:locale\" content=\"es_ES\" \/>\n<meta property=\"og:type\" content=\"article\" \/>\n<meta property=\"og:title\" content=\"Trabajemos juntos - Bellota ung\u00fcentos naturales\" \/>\n<meta property=\"og:description\" content=\"\u00a1Trabajemos juntos! Si tienes un establecimiento relacionado con los productos naturales, la salud y el bienestar, tenemos que trabajar juntos. Nuestra prioridad son los comercios locales, en pueblos y barrios: herbolarios, farmacias y sitios de confianza.\" \/>\n<meta property=\"og:url\" content=\"https:\/\/www.bellota.cat\/es\/trabajemos-juntos\/\" \/>\n<meta property=\"og:site_name\" content=\"Bellota ung\u00fcents naturals\" \/>\n<meta property=\"article:publisher\" content=\"https:\/\/www.facebook.com\/Bellota.sanota\/\" \/>\n<meta property=\"article:modified_time\" content=\"2026-05-06T19:17:12+00:00\" \/>\n<meta property=\"og:image\" content=\"https:\/\/www.bellota.cat\/wp-content\/uploads\/2026\/05\/bellota-tradicion.png\" \/>\n<meta name=\"twitter:card\" content=\"summary_large_image\" \/>\n<meta name=\"twitter:label1\" content=\"Tiempo de lectura\" \/>\n\t<meta name=\"twitter:data1\" content=\"2 minutos\" \/>\n<script type=\"application\/ld+json\" class=\"yoast-schema-graph\">{\"@context\":\"https:\\\/\\\/schema.org\",\"@graph\":[{\"@type\":\"WebPage\",\"@id\":\"https:\\\/\\\/www.bellota.cat\\\/es\\\/trabajemos-juntos\\\/\",\"url\":\"https:\\\/\\\/www.bellota.cat\\\/es\\\/trabajemos-juntos\\\/\",\"name\":\"Trabajemos juntos - Bellota ung\u00fcentos naturales\",\"isPartOf\":{\"@id\":\"https:\\\/\\\/www.bellota.cat\\\/#website\"},\"primaryImageOfPage\":{\"@id\":\"https:\\\/\\\/www.bellota.cat\\\/es\\\/trabajemos-juntos\\\/#primaryimage\"},\"image\":{\"@id\":\"https:\\\/\\\/www.bellota.cat\\\/es\\\/trabajemos-juntos\\\/#primaryimage\"},\"thumbnailUrl\":\"https:\\\/\\\/www.bellota.cat\\\/wp-content\\\/uploads\\\/2026\\\/05\\\/bellota-tradicion.png\",\"datePublished\":\"2026-05-05T11:08:58+00:00\",\"dateModified\":\"2026-05-06T19:17:12+00:00\",\"description\":\"\u00a1Trabajemos juntos! Si tienes un establecimiento relacionado con los productos naturales, la salud y el bienestar, tenemos que trabajar juntos. Nuestra prioridad son los comercios locales, en pueblos y barrios: herbolarios, farmacias y sitios de confianza.\",\"breadcrumb\":{\"@id\":\"https:\\\/\\\/www.bellota.cat\\\/es\\\/trabajemos-juntos\\\/#breadcrumb\"},\"inLanguage\":\"es\",\"potentialAction\":[{\"@type\":\"ReadAction\",\"target\":[\"https:\\\/\\\/www.bellota.cat\\\/es\\\/trabajemos-juntos\\\/\"]}]},{\"@type\":\"ImageObject\",\"inLanguage\":\"es\",\"@id\":\"https:\\\/\\\/www.bellota.cat\\\/es\\\/trabajemos-juntos\\\/#primaryimage\",\"url\":\"https:\\\/\\\/www.bellota.cat\\\/wp-content\\\/uploads\\\/2026\\\/05\\\/bellota-tradicion.png\",\"contentUrl\":\"https:\\\/\\\/www.bellota.cat\\\/wp-content\\\/uploads\\\/2026\\\/05\\\/bellota-tradicion.png\"},{\"@type\":\"BreadcrumbList\",\"@id\":\"https:\\\/\\\/www.bellota.cat\\\/es\\\/trabajemos-juntos\\\/#breadcrumb\",\"itemListElement\":[{\"@type\":\"ListItem\",\"position\":1,\"name\":\"Inici\",\"item\":\"https:\\\/\\\/www.bellota.cat\\\/es\\\/\"},{\"@type\":\"ListItem\",\"position\":2,\"name\":\"Trabajemos juntos\"}]},{\"@type\":\"WebSite\",\"@id\":\"https:\\\/\\\/www.bellota.cat\\\/#website\",\"url\":\"https:\\\/\\\/www.bellota.cat\\\/\",\"name\":\"Bellota ung\u00fcents naturals\",\"description\":\"Bellota, ung\u00fcents naturals de veritat.\",\"publisher\":{\"@id\":\"https:\\\/\\\/www.bellota.cat\\\/#organization\"},\"alternateName\":\"Bellota Ung\u00fcents\",\"potentialAction\":[{\"@type\":\"SearchAction\",\"target\":{\"@type\":\"EntryPoint\",\"urlTemplate\":\"https:\\\/\\\/www.bellota.cat\\\/?s={search_term_string}\"},\"query-input\":{\"@type\":\"PropertyValueSpecification\",\"valueRequired\":true,\"valueName\":\"search_term_string\"}}],\"inLanguage\":\"es\"},{\"@type\":\"Organization\",\"@id\":\"https:\\\/\\\/www.bellota.cat\\\/#organization\",\"name\":\"Bellota\",\"alternateName\":\"Bellota Ung\u00fcents Naturals\",\"url\":\"https:\\\/\\\/www.bellota.cat\\\/\",\"logo\":{\"@type\":\"ImageObject\",\"inLanguage\":\"es\",\"@id\":\"https:\\\/\\\/www.bellota.cat\\\/#\\\/schema\\\/logo\\\/image\\\/\",\"url\":\"https:\\\/\\\/www.bellota.cat\\\/wp-content\\\/uploads\\\/2022\\\/08\\\/logobellota_212x42hzzz.png\",\"contentUrl\":\"https:\\\/\\\/www.bellota.cat\\\/wp-content\\\/uploads\\\/2022\\\/08\\\/logobellota_212x42hzzz.png\",\"width\":424,\"height\":84,\"caption\":\"Bellota\"},\"image\":{\"@id\":\"https:\\\/\\\/www.bellota.cat\\\/#\\\/schema\\\/logo\\\/image\\\/\"},\"sameAs\":[\"https:\\\/\\\/www.facebook.com\\\/Bellota.sanota\\\/\",\"https:\\\/\\\/www.instagram.com\\\/bellota_sanota\\\/\",\"https:\\\/\\\/www.linkedin.com\\\/company\\\/bellota-natural\\\/\"]}]}<\/script>\n<!-- \/ Yoast SEO plugin. -->","yoast_head_json":{"title":"Trabajemos juntos - Bellota ung\u00fcentos naturales","description":"\u00a1Trabajemos juntos! Si tienes un establecimiento relacionado con los productos naturales, la salud y el bienestar, tenemos que trabajar juntos. Nuestra prioridad son los comercios locales, en pueblos y barrios: herbolarios, farmacias y sitios de confianza.","robots":{"index":"index","follow":"follow","max-snippet":"max-snippet:-1","max-image-preview":"max-image-preview:large","max-video-preview":"max-video-preview:-1"},"canonical":"https:\/\/www.bellota.cat\/es\/trabajemos-juntos\/","og_locale":"es_ES","og_type":"article","og_title":"Trabajemos juntos - Bellota ung\u00fcentos naturales","og_description":"\u00a1Trabajemos juntos! Si tienes un establecimiento relacionado con los productos naturales, la salud y el bienestar, tenemos que trabajar juntos. Nuestra prioridad son los comercios locales, en pueblos y barrios: herbolarios, farmacias y sitios de confianza.","og_url":"https:\/\/www.bellota.cat\/es\/trabajemos-juntos\/","og_site_name":"Bellota ung\u00fcents naturals","article_publisher":"https:\/\/www.facebook.com\/Bellota.sanota\/","article_modified_time":"2026-05-06T19:17:12+00:00","og_image":[{"url":"https:\/\/www.bellota.cat\/wp-content\/uploads\/2026\/05\/bellota-tradicion.png","type":"","width":"","height":""}],"twitter_card":"summary_large_image","twitter_misc":{"Tiempo de lectura":"2 minutos"},"schema":{"@context":"https:\/\/schema.org","@graph":[{"@type":"WebPage","@id":"https:\/\/www.bellota.cat\/es\/trabajemos-juntos\/","url":"https:\/\/www.bellota.cat\/es\/trabajemos-juntos\/","name":"Trabajemos juntos - Bellota ung\u00fcentos naturales","isPartOf":{"@id":"https:\/\/www.bellota.cat\/#website"},"primaryImageOfPage":{"@id":"https:\/\/www.bellota.cat\/es\/trabajemos-juntos\/#primaryimage"},"image":{"@id":"https:\/\/www.bellota.cat\/es\/trabajemos-juntos\/#primaryimage"},"thumbnailUrl":"https:\/\/www.bellota.cat\/wp-content\/uploads\/2026\/05\/bellota-tradicion.png","datePublished":"2026-05-05T11:08:58+00:00","dateModified":"2026-05-06T19:17:12+00:00","description":"\u00a1Trabajemos juntos! Si tienes un establecimiento relacionado con los productos naturales, la salud y el bienestar, tenemos que trabajar juntos. Nuestra prioridad son los comercios locales, en pueblos y barrios: herbolarios, farmacias y sitios de confianza.","breadcrumb":{"@id":"https:\/\/www.bellota.cat\/es\/trabajemos-juntos\/#breadcrumb"},"inLanguage":"es","potentialAction":[{"@type":"ReadAction","target":["https:\/\/www.bellota.cat\/es\/trabajemos-juntos\/"]}]},{"@type":"ImageObject","inLanguage":"es","@id":"https:\/\/www.bellota.cat\/es\/trabajemos-juntos\/#primaryimage","url":"https:\/\/www.bellota.cat\/wp-content\/uploads\/2026\/05\/bellota-tradicion.png","contentUrl":"https:\/\/www.bellota.cat\/wp-content\/uploads\/2026\/05\/bellota-tradicion.png"},{"@type":"BreadcrumbList","@id":"https:\/\/www.bellota.cat\/es\/trabajemos-juntos\/#breadcrumb","itemListElement":[{"@type":"ListItem","position":1,"name":"Inici","item":"https:\/\/www.bellota.cat\/es\/"},{"@type":"ListItem","position":2,"name":"Trabajemos juntos"}]},{"@type":"WebSite","@id":"https:\/\/www.bellota.cat\/#website","url":"https:\/\/www.bellota.cat\/","name":"Bellota ung\u00fcents naturals","description":"Bellota, ung\u00fcents naturals de veritat.","publisher":{"@id":"https:\/\/www.bellota.cat\/#organization"},"alternateName":"Bellota Ung\u00fcents","potentialAction":[{"@type":"SearchAction","target":{"@type":"EntryPoint","urlTemplate":"https:\/\/www.bellota.cat\/?s={search_term_string}"},"query-input":{"@type":"PropertyValueSpecification","valueRequired":true,"valueName":"search_term_string"}}],"inLanguage":"es"},{"@type":"Organization","@id":"https:\/\/www.bellota.cat\/#organization","name":"Bellota","alternateName":"Bellota Ung\u00fcents Naturals","url":"https:\/\/www.bellota.cat\/","logo":{"@type":"ImageObject","inLanguage":"es","@id":"https:\/\/www.bellota.cat\/#\/schema\/logo\/image\/","url":"https:\/\/www.bellota.cat\/wp-content\/uploads\/2022\/08\/logobellota_212x42hzzz.png","contentUrl":"https:\/\/www.bellota.cat\/wp-content\/uploads\/2022\/08\/logobellota_212x42hzzz.png","width":424,"height":84,"caption":"Bellota"},"image":{"@id":"https:\/\/www.bellota.cat\/#\/schema\/logo\/image\/"},"sameAs":["https:\/\/www.facebook.com\/Bellota.sanota\/","https:\/\/www.instagram.com\/bellota_sanota\/","https:\/\/www.linkedin.com\/company\/bellota-natural\/"]}]}},"_links":{"self":[{"href":"https:\/\/www.bellota.cat\/es\/wp-json\/wp\/v2\/pages\/48727","targetHints":{"allow":["GET"]}}],"collection":[{"href":"https:\/\/www.bellota.cat\/es\/wp-json\/wp\/v2\/pages"}],"about":[{"href":"https:\/\/www.bellota.cat\/es\/wp-json\/wp\/v2\/types\/page"}],"author":[{"embeddable":true,"href":"https:\/\/www.bellota.cat\/es\/wp-json\/wp\/v2\/users\/1"}],"replies":[{"embeddable":true,"href":"https:\/\/www.bellota.cat\/es\/wp-json\/wp\/v2\/comments?post=48727"}],"version-history":[{"count":13,"href":"https:\/\/www.bellota.cat\/es\/wp-json\/wp\/v2\/pages\/48727\/revisions"}],"predecessor-version":[{"id":48777,"href":"https:\/\/www.bellota.cat\/es\/wp-json\/wp\/v2\/pages\/48727\/revisions\/48777"}],"wp:attachment":[{"href":"https:\/\/www.bellota.cat\/es\/wp-json\/wp\/v2\/media?parent=48727"}],"curies":[{"name":"wp","href":"https:\/\/api.w.org\/{rel}","templated":true}]}}